{"id":23,"date":"2017-04-04T11:08:58","date_gmt":"2017-04-04T14:08:58","guid":{"rendered":"http:\/\/www.brasiltec.com.br\/site\/?page_id=23"},"modified":"2017-06-28T17:57:19","modified_gmt":"2017-06-28T20:57:19","slug":"conserto-trocador-de-calor","status":"publish","type":"page","link":"https:\/\/www.brasiltec.com.br\/site\/conserto-trocador-de-calor\/","title":{"rendered":"Conserto de Trocador de Calor"},"content":{"rendered":"<h2 class=\"style1\" style=\"text-align: center;\"><strong>\u00a0CONSERTO DE TROCADOR DE CALOR<\/strong><\/h2>\n<p class=\"style1\" style=\"text-align: center;\">Trocador de calor, tamb\u00e9m chamado de bomba de calor, \u00e9 um equipamento que tem como fun\u00e7\u00e3o o aquecimento de \u00e1gua de piscinas, e seu funcionamento \u00e9 baseado em um sistema de refrigera\u00e7\u00e3o.<\/p>\n<p class=\"style1\" style=\"text-align: center;\">Nossos t\u00e9cnicos s\u00e3o treinados e certificados pelos mais renomados fabricantes, garantindo, com isto, seguran\u00e7a e qualidade para satisfa\u00e7\u00e3o de nossos clientes. Oferecemos uma excelente rela\u00e7\u00e3o custo-benef\u00edcio para sistemas de aquecimento de \u00e1gua para piscinas em resid\u00eancias, clubes, hot\u00e9is, pousadas, etc. Evite surpresas! O bom funcionamento do seu aparelho<\/p>\n<p class=\"style1\" style=\"text-align: center;\">Depende de uma boa manuten\u00e7\u00e3o. Por isso trabalhamos com as melhores marcas do mercado. Agende j\u00e1 uma visita t\u00e9cnica!  Temos como miss\u00e3o o compromentimento e o respeito com os nossos clientes, por isso nosso atendimento \u00e9 seguro, r\u00e1pido, confi\u00e1vel e eficaz.<\/p>\n<p class=\"style1\" style=\"text-align: center;\" align=\"left\">Quer evitar imprevistos? Chame a Brasiltec hoje, clicando em\u00a0<a href=\"http:\/\/www.brasiltec.com.br\/site\/contato\" target=\"_self\">contato<\/a>.<\/p>\n<p class=\"style1\" style=\"text-align: center;\" align=\"left\"><img loading=\"lazy\" class=\"wp-image-153 aligncenter\" src=\"http:\/\/www.brasiltec.com.br\/site\/wp-content\/uploads\/2017\/04\/Trocador-de-calor-Nautilus.jpg\" alt=\"\" width=\"225\" height=\"243\" srcset=\"https:\/\/www.brasiltec.com.br\/site\/wp-content\/uploads\/2017\/04\/Trocador-de-calor-Nautilus.jpg 656w, https:\/\/www.brasiltec.com.br\/site\/wp-content\/uploads\/2017\/04\/Trocador-de-calor-Nautilus-278x300.jpg 278w\" sizes=\"(max-width: 225px) 100vw, 225px\" \/><\/p>\n","protected":false},"excerpt":{"rendered":"<p>\u00a0CONSERTO DE TROCADOR DE CALOR Trocador de calor, tamb\u00e9m chamado de bomba de calor, \u00e9 um equipamento que tem como fun\u00e7\u00e3o o aquecimento de \u00e1gua de piscinas, e seu funcionamento \u00e9 baseado em um sistema de refrigera\u00e7\u00e3o. Nossos t\u00e9cnicos s\u00e3o treinados e certificados pelos mais renomados fabricantes, garantindo, com isto, seguran\u00e7a e qualidade para satisfa\u00e7\u00e3o [&hellip;]<\/p>\n","protected":false},"author":1,"featured_media":0,"parent":0,"menu_order":0,"comment_status":"closed","ping_status":"closed","template":"","meta":[],"_links":{"self":[{"href":"https:\/\/www.brasiltec.com.br\/site\/wp-json\/wp\/v2\/pages\/23"}],"collection":[{"href":"https:\/\/www.brasiltec.com.br\/site\/wp-json\/wp\/v2\/pages"}],"about":[{"href":"https:\/\/www.brasiltec.com.br\/site\/wp-json\/wp\/v2\/types\/page"}],"author":[{"embeddable":true,"href":"https:\/\/www.brasiltec.com.br\/site\/wp-json\/wp\/v2\/users\/1"}],"replies":[{"embeddable":true,"href":"https:\/\/www.brasiltec.com.br\/site\/wp-json\/wp\/v2\/comments?post=23"}],"version-history":[{"count":13,"href":"https:\/\/www.brasiltec.com.br\/site\/wp-json\/wp\/v2\/pages\/23\/revisions"}],"predecessor-version":[{"id":381,"href":"https:\/\/www.brasiltec.com.br\/site\/wp-json\/wp\/v2\/pages\/23\/revisions\/381"}],"wp:attachment":[{"href":"https:\/\/www.brasiltec.com.br\/site\/wp-json\/wp\/v2\/media?parent=23"}],"curies":[{"name":"wp","href":"https:\/\/api.w.org\/{rel}","templated":true}]}}