{"id":395,"date":"2017-06-30T12:31:45","date_gmt":"2017-06-30T15:31:45","guid":{"rendered":"http:\/\/www.brasiltec.com.br\/site\/?page_id=395"},"modified":"2017-07-05T15:26:17","modified_gmt":"2017-07-05T18:26:17","slug":"quadro-de-comando-para-sistemas-de-pressurizacao-e-bombas-de-recalque","status":"publish","type":"page","link":"https:\/\/www.brasiltec.com.br\/site\/quadro-de-comando-para-sistemas-de-pressurizacao-e-bombas-de-recalque\/","title":{"rendered":"Quadro de Comando"},"content":{"rendered":"<h3 style=\"text-align: center;\">Quadros de Comando para sistemas de pressuriza\u00e7\u00e3o e bombas de recalque<\/h3>\n<p style=\"text-align: center;\">A Brasiltec monta, instala e conserta <strong>Quadros de Comando<\/strong> para sistemas de pressuriza\u00e7\u00e3o e bombas de recalque, manual ou autom\u00e1ticas<\/p>\n<p style=\"text-align: center;\">Solicite um or\u00e7amento\u00a0<a href=\"http:\/\/www.brasiltec.com.br\/site\/contato\/\">Aqui<\/a><\/p>\n<p>\r\n\t\t\t\t\t\n\r\n\t\t\t\t\t<!-- START UNITE GALLERY LITE 1.7.54 -->\r\n\t\t\t\t\t\r\n\t\t\t\t\n\t\t\t<div id='unitegallery_3_1' class='unite-gallery' style='margin:0px auto;'>\n\t\t\t\t\n\n\t\t\t\t\t\t<img alt=\"WhatsApp Image 2017-06-26 at 08.22.09\"\n\t\t\t\t\t\t     src=\"\" data-image=\"https:\/\/www.brasiltec.com.br\/site\/wp-content\/uploads\/2017\/06\/WhatsApp-Image-2017-06-26-at-08.22.09.jpeg\"\n\t\t\t\t\t\t     data-thumb=\"https:\/\/www.brasiltec.com.br\/site\/wp-content\/uploads\/2017\/06\/WhatsApp-Image-2017-06-26-at-08.22.09-169x300.jpeg\"\n\t\t\t\t\t\t     title=\"\"\n\t\t\t\t\t\t     style=\"display:none\">\n\n\t\t\t\t\t\t<img alt=\"WhatsApp Image 2017-06-26 at 08.21.30\"\n\t\t\t\t\t\t     src=\"\" data-image=\"https:\/\/www.brasiltec.com.br\/site\/wp-content\/uploads\/2017\/06\/WhatsApp-Image-2017-06-26-at-08.21.30.jpeg\"\n\t\t\t\t\t\t     data-thumb=\"https:\/\/www.brasiltec.com.br\/site\/wp-content\/uploads\/2017\/06\/WhatsApp-Image-2017-06-26-at-08.21.30-180x300.jpeg\"\n\t\t\t\t\t\t     title=\"\"\n\t\t\t\t\t\t     style=\"display:none\">\n\n\t\t\t\t\t\t<img alt=\"WhatsApp Image 2017-06-26 at 11.17.15\"\n\t\t\t\t\t\t     src=\"\" data-image=\"https:\/\/www.brasiltec.com.br\/site\/wp-content\/uploads\/2017\/06\/WhatsApp-Image-2017-06-26-at-11.17.15.jpeg\"\n\t\t\t\t\t\t     data-thumb=\"https:\/\/www.brasiltec.com.br\/site\/wp-content\/uploads\/2017\/06\/WhatsApp-Image-2017-06-26-at-11.17.15-180x300.jpeg\"\n\t\t\t\t\t\t     title=\"\"\n\t\t\t\t\t\t     style=\"display:none\">\n\n\t\t\t\t\t\t<img alt=\"WhatsApp Image 2017-06-26 at 11.17.53\"\n\t\t\t\t\t\t     src=\"\" data-image=\"https:\/\/www.brasiltec.com.br\/site\/wp-content\/uploads\/2017\/06\/WhatsApp-Image-2017-06-26-at-11.17.53.jpeg\"\n\t\t\t\t\t\t     data-thumb=\"https:\/\/www.brasiltec.com.br\/site\/wp-content\/uploads\/2017\/06\/WhatsApp-Image-2017-06-26-at-11.17.53-180x300.jpeg\"\n\t\t\t\t\t\t     title=\"\"\n\t\t\t\t\t\t     style=\"display:none\">\n\n\t\t\t\t\t\t<img alt=\"IMG-20170704-WA0011\"\n\t\t\t\t\t\t     src=\"\" data-image=\"https:\/\/www.brasiltec.com.br\/site\/wp-content\/uploads\/2017\/07\/IMG-20170704-WA0011.jpg\"\n\t\t\t\t\t\t     data-thumb=\"https:\/\/www.brasiltec.com.br\/site\/wp-content\/uploads\/2017\/07\/IMG-20170704-WA0011-169x300.jpg\"\n\t\t\t\t\t\t     title=\"\"\n\t\t\t\t\t\t     style=\"display:none\">\n\t\t\t<\/div>\n\n\t\t\t<script type='text\/javascript'>\n\t\t\t\twindow.onload = function(e) {\n\t\t\t\t\tif(typeof ugCheckForErrors == \"undefined\"){\n\t\t\t\t\t\tdocument.getElementById(\"unitegallery_3_1\").innerHTML = \"<span style='color:red'>Unite Gallery Error - gallery js and css files not included in the footer. Please make sure that wp_footer() function is added to your theme.<\/span>\";}\n\t\t\t\t\telse{ ugCheckForErrors(\"unitegallery_3_1\", \"jquery\");}\n\t\t\t\t};\n\t\t\t<\/script>\n\n\t\t\t<!-- END UNITEGALLERY LITE--><\/p>\n","protected":false},"excerpt":{"rendered":"<p>Quadros de Comando para sistemas de pressuriza\u00e7\u00e3o e bombas de recalque A Brasiltec monta, instala e conserta Quadros de Comando para sistemas de pressuriza\u00e7\u00e3o e bombas de recalque, manual ou autom\u00e1ticas Solicite um or\u00e7amento\u00a0Aqui<\/p>\n","protected":false},"author":1,"featured_media":0,"parent":0,"menu_order":0,"comment_status":"closed","ping_status":"closed","template":"","meta":[],"_links":{"self":[{"href":"https:\/\/www.brasiltec.com.br\/site\/wp-json\/wp\/v2\/pages\/395"}],"collection":[{"href":"https:\/\/www.brasiltec.com.br\/site\/wp-json\/wp\/v2\/pages"}],"about":[{"href":"https:\/\/www.brasiltec.com.br\/site\/wp-json\/wp\/v2\/types\/page"}],"author":[{"embeddable":true,"href":"https:\/\/www.brasiltec.com.br\/site\/wp-json\/wp\/v2\/users\/1"}],"replies":[{"embeddable":true,"href":"https:\/\/www.brasiltec.com.br\/site\/wp-json\/wp\/v2\/comments?post=395"}],"version-history":[{"count":15,"href":"https:\/\/www.brasiltec.com.br\/site\/wp-json\/wp\/v2\/pages\/395\/revisions"}],"predecessor-version":[{"id":468,"href":"https:\/\/www.brasiltec.com.br\/site\/wp-json\/wp\/v2\/pages\/395\/revisions\/468"}],"wp:attachment":[{"href":"https:\/\/www.brasiltec.com.br\/site\/wp-json\/wp\/v2\/media?parent=395"}],"curies":[{"name":"wp","href":"https:\/\/api.w.org\/{rel}","templated":true}]}}