{"id":504,"date":"2021-05-12T16:50:37","date_gmt":"2021-05-12T19:50:37","guid":{"rendered":"https:\/\/www.brasiltec.com.br\/site\/?page_id=504"},"modified":"2021-05-20T09:01:40","modified_gmt":"2021-05-20T12:01:40","slug":"assitencia-autorizada","status":"publish","type":"page","link":"https:\/\/www.brasiltec.com.br\/site\/assitencia-autorizada\/","title":{"rendered":"Autorizada"},"content":{"rendered":"<p style=\"padding-left: 60px;\">Somos Assist\u00eancia T\u00e9cnica e Revenda autorizada por fabricantes de Renome, nosso portif\u00f3lio de produtos \u00e9 vasto e completo. Confira abaixo nossas representa\u00e7\u00f5es:<\/p>\n<p>&nbsp;<\/p>\n<p style=\"padding-left: 60px;\"><strong>REVENDA AUTORIZADA:<\/strong><\/p>\n<p>&nbsp;<\/p>\n<p><img loading=\"lazy\" class=\"size-full wp-image-505 alignright\" src=\"https:\/\/www.brasiltec.com.br\/site\/wp-content\/uploads\/2021\/05\/logo_bosch.png\" alt=\"\" width=\"250\" height=\"130\" \/><img loading=\"lazy\" class=\"size-full wp-image-506 alignright\" src=\"https:\/\/www.brasiltec.com.br\/site\/wp-content\/uploads\/2021\/05\/logo_komeco.png\" alt=\"\" width=\"250\" height=\"130\" \/><img loading=\"lazy\" class=\"size-full wp-image-507 alignright\" src=\"https:\/\/www.brasiltec.com.br\/site\/wp-content\/uploads\/2021\/05\/logo_rinnai.png\" alt=\"\" width=\"250\" height=\"130\" \/><br \/>\n<img loading=\"lazy\" class=\"size-full wp-image-508 alignright\" src=\"https:\/\/www.brasiltec.com.br\/site\/wp-content\/uploads\/2021\/05\/logo_heliotek.png\" alt=\"\" width=\"250\" height=\"130\" \/><\/p>\n<p>&nbsp;<\/p>\n<p><img loading=\"lazy\" class=\"size-full wp-image-509 alignright\" src=\"https:\/\/www.brasiltec.com.br\/site\/wp-content\/uploads\/2021\/05\/logo_megapress.png\" alt=\"\" width=\"250\" height=\"130\" \/><img loading=\"lazy\" class=\"size-full wp-image-510 alignright\" src=\"https:\/\/www.brasiltec.com.br\/site\/wp-content\/uploads\/2021\/05\/logo_rowa.png\" alt=\"\" width=\"250\" height=\"130\" \/><\/p>\n<p>&nbsp;<\/p>\n<p>&nbsp;<\/p>\n<p>&nbsp;<\/p>\n<p>&nbsp;<\/p>\n<p>&nbsp;<\/p>\n<p><img loading=\"lazy\" class=\"size-full wp-image-551 aligncenter\" src=\"https:\/\/www.brasiltec.com.br\/site\/wp-content\/uploads\/2021\/05\/logo-thermans-site.png\" alt=\"\" width=\"301\" height=\"97\" \/><\/p>\n<p>&nbsp;<\/p>\n<p style=\"padding-left: 40px;\">ASSIST\u00caNCIA T\u00c9CNICA AUTORIZADA:<\/p>\n<p><img loading=\"lazy\" class=\"size-full wp-image-505 alignright\" src=\"https:\/\/www.brasiltec.com.br\/site\/wp-content\/uploads\/2021\/05\/logo_bosch.png\" alt=\"\" width=\"250\" height=\"130\" \/><img loading=\"lazy\" class=\"size-full wp-image-506 alignright\" src=\"https:\/\/www.brasiltec.com.br\/site\/wp-content\/uploads\/2021\/05\/logo_komeco.png\" alt=\"\" width=\"250\" height=\"130\" \/><img loading=\"lazy\" class=\"size-full wp-image-508 alignright\" src=\"https:\/\/www.brasiltec.com.br\/site\/wp-content\/uploads\/2021\/05\/logo_heliotek.png\" alt=\"\" width=\"250\" height=\"130\" \/><\/p>\n<p>&nbsp;<\/p>\n<p>&nbsp;<\/p>\n<p>&nbsp;<\/p>\n<p>&nbsp;<\/p>\n<p><img loading=\"lazy\" class=\"size-full wp-image-551 alignright\" src=\"https:\/\/www.brasiltec.com.br\/site\/wp-content\/uploads\/2021\/05\/logo-thermans-site.png\" alt=\"\" width=\"301\" height=\"97\" \/><img loading=\"lazy\" class=\" wp-image-507 alignright\" src=\"https:\/\/www.brasiltec.com.br\/site\/wp-content\/uploads\/2021\/05\/logo_rinnai.png\" alt=\"\" width=\"216\" height=\"112\" \/><img loading=\"lazy\" class=\" wp-image-509 alignright\" src=\"https:\/\/www.brasiltec.com.br\/site\/wp-content\/uploads\/2021\/05\/logo_megapress.png\" alt=\"\" width=\"205\" height=\"107\" \/><\/p>\n","protected":false},"excerpt":{"rendered":"<p>Somos Assist\u00eancia T\u00e9cnica e Revenda autorizada por fabricantes de Renome, nosso portif\u00f3lio de produtos \u00e9 vasto e completo. Confira abaixo nossas representa\u00e7\u00f5es: &nbsp; REVENDA AUTORIZADA: &nbsp; &nbsp; &nbsp; &nbsp; &nbsp; &nbsp; &nbsp; &nbsp; ASSIST\u00caNCIA T\u00c9CNICA AUTORIZADA: &nbsp; &nbsp; &nbsp; &nbsp;<\/p>\n","protected":false},"author":1,"featured_media":0,"parent":0,"menu_order":0,"comment_status":"closed","ping_status":"closed","template":"","meta":[],"_links":{"self":[{"href":"https:\/\/www.brasiltec.com.br\/site\/wp-json\/wp\/v2\/pages\/504"}],"collection":[{"href":"https:\/\/www.brasiltec.com.br\/site\/wp-json\/wp\/v2\/pages"}],"about":[{"href":"https:\/\/www.brasiltec.com.br\/site\/wp-json\/wp\/v2\/types\/page"}],"author":[{"embeddable":true,"href":"https:\/\/www.brasiltec.com.br\/site\/wp-json\/wp\/v2\/users\/1"}],"replies":[{"embeddable":true,"href":"https:\/\/www.brasiltec.com.br\/site\/wp-json\/wp\/v2\/comments?post=504"}],"version-history":[{"count":10,"href":"https:\/\/www.brasiltec.com.br\/site\/wp-json\/wp\/v2\/pages\/504\/revisions"}],"predecessor-version":[{"id":553,"href":"https:\/\/www.brasiltec.com.br\/site\/wp-json\/wp\/v2\/pages\/504\/revisions\/553"}],"wp:attachment":[{"href":"https:\/\/www.brasiltec.com.br\/site\/wp-json\/wp\/v2\/media?parent=504"}],"curies":[{"name":"wp","href":"https:\/\/api.w.org\/{rel}","templated":true}]}}